{"id":2632,"date":"2015-02-13T16:56:03","date_gmt":"2015-02-13T16:56:03","guid":{"rendered":"http:\/\/www.tiradix.it\/basi-proxi-35-2\/"},"modified":"2021-05-11T14:09:39","modified_gmt":"2021-05-11T14:09:39","slug":"proxi_angulated_base_35","status":"publish","type":"page","link":"https:\/\/www.tiradix.it\/en\/proxi_angulated_base_35\/","title":{"rendered":"35\u00b0 PROXI ANGULATED BASE"},"content":{"rendered":"<p>[et_pb_section bb_built=&#8221;1&#8243; admin_label=&#8221;section&#8221; fullwidth=&#8221;on&#8221; specialty=&#8221;off&#8221; background_image=&#8221;https:\/\/www.tiradix.it\/wp-content\/uploads\/2015\/01\/sfondo_sorriso1.jpg&#8221; transparent_background=&#8221;off&#8221; background_color=&#8221;#ffffff&#8221; inner_shadow=&#8221;off&#8221; parallax=&#8221;off&#8221; parallax_method=&#8221;off&#8221;][et_pb_fullwidth_header admin_label=&#8221;Fullwidth Header&#8221; title=&#8221;PROTESICA IMPIANTI \u00d8 3,75mm, \u00d8 4mm, \u00d8 4,5mm&#8221; background_layout=&#8221;light&#8221; text_orientation=&#8221;left&#8221; \/][\/et_pb_section][et_pb_section bb_built=&#8221;1&#8243; admin_label=&#8221;section&#8221;][et_pb_row admin_label=&#8221;row&#8221;][et_pb_column type=&#8221;1_4&#8243;][et_pb_sidebar admin_label=&#8221;Sidebar&#8221; orientation=&#8221;left&#8221; area=&#8221;et_pb_widget_area_1&#8243; background_layout=&#8221;light&#8221; module_class=&#8221;sidebar_left&#8221; \/][\/et_pb_column][et_pb_column type=&#8221;1_4&#8243;][et_pb_image admin_label=&#8221;Image&#8221; src=&#8221;https:\/\/www.tiradix.it\/wp-content\/uploads\/2015\/02\/BASI_PROXI_35.jpg&#8221; show_in_lightbox=&#8221;on&#8221; url_new_window=&#8221;off&#8221; animation=&#8221;off&#8221; sticky=&#8221;off&#8221; \/][\/et_pb_column][et_pb_column type=&#8221;1_2&#8243;][et_pb_text admin_label=&#8221;Text&#8221; background_layout=&#8221;light&#8221; text_orientation=&#8221;left&#8221; background_position=&#8221;top_left&#8221; background_repeat=&#8221;repeat&#8221; background_size=&#8221;initial&#8221; _builder_version=&#8221;3.0.51&#8243; border_style=&#8221;solid&#8221;]<\/p>\n<h1>BASI PROXI 35\u00b0<\/h1>\n<p>Le Basi Proxi inclinate vengono posizionate con il Posizionatore Cod. 82.100.72.0 qindi vengono avvitate a 20\u00b5 mediante la Chiave Dinamometrica.<\/p>\n<p>&nbsp;<\/p>\n<table class=\"table table-striped\">\n<thead>\n<tr>\n<td>CODICE<\/td>\n<td>DESCRIZIONE<\/td>\n<\/tr>\n<\/thead>\n<tbody>\n<tr>\n<td><span class=\"nero\">17.008.70.0<\/span><\/td>\n<td><span class=\"nero\">Base Proxi 35\u00b0 h 2 mm<\/span><\/td>\n<\/tr>\n<tr>\n<td><span class=\"nero\">17.009.70.0<\/span><\/td>\n<td><span class=\"nero\">Base Proxi 35\u00b0 h 3 mm<\/span><\/td>\n<\/tr>\n<\/tbody>\n<\/table>\n<p>[\/et_pb_text][\/et_pb_column][\/et_pb_row][\/et_pb_section][et_pb_section bb_built=&#8221;1&#8243; admin_label=&#8221;section&#8221; fullwidth=&#8221;off&#8221; specialty=&#8221;off&#8221; transparent_background=&#8221;off&#8221; background_color=&#8221;#f7f8f9&#8243; inner_shadow=&#8221;off&#8221; parallax=&#8221;off&#8221; parallax_method=&#8221;off&#8221;][et_pb_row admin_label=&#8221;row&#8221;][et_pb_column type=&#8221;3_4&#8243;][et_pb_image admin_label=&#8221;consegna&#8221; src=&#8221;https:\/\/www.tiradix.it\/wp-content\/uploads\/2015\/02\/consegna_giallo5.png&#8221; show_in_lightbox=&#8221;off&#8221; url_new_window=&#8221;on&#8221; animation=&#8221;left&#8221; sticky=&#8221;on&#8221; url=&#8221;\/?page_id=945&#8243; \/][\/et_pb_column][et_pb_column type=&#8221;1_4&#8243;][et_pb_cta admin_label=&#8221;Call To Action&#8221; button_url=&#8221;\/?page_id=278&#8243; button_text=&#8221;ORDINA SUBITO&#8221; use_background_color=&#8221;off&#8221; background_color=&#8221;#004393&#8243; background_layout=&#8221;light&#8221; text_orientation=&#8221;center&#8221; background_position=&#8221;top_left&#8221; background_repeat=&#8221;repeat&#8221; background_size=&#8221;initial&#8221; \/][\/et_pb_column][\/et_pb_row][et_pb_row admin_label=&#8221;row&#8221;][et_pb_column type=&#8221;1_2&#8243;][et_pb_text admin_label=&#8221;Text&#8221; background_layout=&#8221;light&#8221; text_orientation=&#8221;left&#8221; background_position=&#8221;top_left&#8221; background_repeat=&#8221;repeat&#8221; background_size=&#8221;initial&#8221;]<\/p>\n<p><img loading=\"lazy\" class=\"alignleft size-full wp-image-911\" src=\"https:\/\/www.tiradix.it\/wp-content\/uploads\/2015\/03\/ico_tel_grande_scura.png\" alt=\"ico_tel_grande_scura\" width=\"74\" height=\"85\" \/><\/p>\n<h2 class=\"contattaci\">\u00a0CHIAMACI tel. 039.6612705<\/h2>\n<p>[\/et_pb_text][\/et_pb_column][et_pb_column type=&#8221;1_2&#8243;][et_pb_text admin_label=&#8221;Text&#8221; background_layout=&#8221;light&#8221; text_orientation=&#8221;left&#8221; background_position=&#8221;top_left&#8221; background_repeat=&#8221;repeat&#8221; background_size=&#8221;initial&#8221;]<\/p>\n<p><a title=\"Contattaci\" href=\"https:\/\/www.tiradix.it\/contatti\/\"><img loading=\"lazy\" class=\"alignleft size-full wp-image-910\" src=\"https:\/\/www.tiradix.it\/wp-content\/uploads\/2015\/03\/ico_mail_grande_scura.png\" alt=\"ico_mail_grande_scura\" width=\"74\" height=\"84\" \/><\/a><\/p>\n<h2 class=\"contattaci\">\u00a0SCRIVICI su <a title=\"Tiradix\" href=\"mailto:info@tiradix.it\" target=\"_blank\" rel=\"noopener\">info@tiradix.it<\/a><\/h2>\n<p>[\/et_pb_text][\/et_pb_column][\/et_pb_row][\/et_pb_section]<\/p>\n","protected":false},"excerpt":{"rendered":"<p>BASI PROXI 35\u00b0 Le Basi Proxi inclinate vengono posizionate con il Posizionatore Cod. 82.100.72.0 qindi vengono avvitate a 20\u00b5 mediante la Chiave Dinamometrica. &nbsp; CODICE DESCRIZIONE 17.008.70.0 Base Proxi 35\u00b0 h 2 mm 17.009.70.0 Base Proxi 35\u00b0 h 3 mm \u00a0CHIAMACI tel. 039.6612705 \u00a0SCRIVICI su info@tiradix.it<\/p>\n","protected":false},"author":1,"featured_media":0,"parent":0,"menu_order":0,"comment_status":"open","ping_status":"open","template":"","meta":{"_et_pb_use_builder":"on","_et_pb_old_content":"","_et_gb_content_width":""},"_links":{"self":[{"href":"https:\/\/www.tiradix.it\/en\/wp-json\/wp\/v2\/pages\/2632"}],"collection":[{"href":"https:\/\/www.tiradix.it\/en\/wp-json\/wp\/v2\/pages"}],"about":[{"href":"https:\/\/www.tiradix.it\/en\/wp-json\/wp\/v2\/types\/page"}],"author":[{"embeddable":true,"href":"https:\/\/www.tiradix.it\/en\/wp-json\/wp\/v2\/users\/1"}],"replies":[{"embeddable":true,"href":"https:\/\/www.tiradix.it\/en\/wp-json\/wp\/v2\/comments?post=2632"}],"version-history":[{"count":4,"href":"https:\/\/www.tiradix.it\/en\/wp-json\/wp\/v2\/pages\/2632\/revisions"}],"predecessor-version":[{"id":4790,"href":"https:\/\/www.tiradix.it\/en\/wp-json\/wp\/v2\/pages\/2632\/revisions\/4790"}],"wp:attachment":[{"href":"https:\/\/www.tiradix.it\/en\/wp-json\/wp\/v2\/media?parent=2632"}],"curies":[{"name":"wp","href":"https:\/\/api.w.org\/{rel}","templated":true}]}}