{"id":2723,"date":"2015-02-13T14:25:45","date_gmt":"2015-02-13T14:25:45","guid":{"rendered":"http:\/\/www.tiradix.it\/monconi-calcinabili-avv-o-4mm-2\/"},"modified":"2019-07-30T09:59:50","modified_gmt":"2019-07-30T09:59:50","slug":"castable_abutment_4_mm","status":"publish","type":"page","link":"https:\/\/www.tiradix.it\/en\/castable_abutment_4_mm\/","title":{"rendered":"CASTABLE ABUTMENT \u00d8 4mm"},"content":{"rendered":"<p>[et_pb_section bb_built=&#8221;1&#8243; admin_label=&#8221;section&#8221; fullwidth=&#8221;on&#8221; specialty=&#8221;off&#8221; background_image=&#8221;https:\/\/www.tiradix.it\/wp-content\/uploads\/2015\/01\/sfondo_sorriso1.jpg&#8221; transparent_background=&#8221;off&#8221; background_color=&#8221;#ffffff&#8221; inner_shadow=&#8221;off&#8221; parallax=&#8221;off&#8221; parallax_method=&#8221;off&#8221;][et_pb_fullwidth_header admin_label=&#8221;Fullwidth Header&#8221; title=&#8221;PROTESICA IMPIANTI \u00d8 3,75mm, \u00d8 4mm, \u00d8 4,5mm&#8221; background_layout=&#8221;light&#8221; text_orientation=&#8221;left&#8221; \/][\/et_pb_section][et_pb_section bb_built=&#8221;1&#8243; admin_label=&#8221;section&#8221;][et_pb_row admin_label=&#8221;row&#8221;][et_pb_column type=&#8221;1_4&#8243;][et_pb_sidebar admin_label=&#8221;Sidebar&#8221; orientation=&#8221;left&#8221; area=&#8221;et_pb_widget_area_1&#8243; background_layout=&#8221;light&#8221; module_class=&#8221;sidebar_left&#8221; \/][\/et_pb_column][et_pb_column type=&#8221;1_4&#8243;][et_pb_image admin_label=&#8221;Image&#8221; src=&#8221;https:\/\/www.tiradix.it\/wp-content\/uploads\/2015\/03\/calcinabile.jpg&#8221; show_in_lightbox=&#8221;on&#8221; url_new_window=&#8221;off&#8221; animation=&#8221;off&#8221; sticky=&#8221;off&#8221; \/][\/et_pb_column][et_pb_column type=&#8221;1_2&#8243;][et_pb_text admin_label=&#8221;Text&#8221; background_layout=&#8221;light&#8221; text_orientation=&#8221;left&#8221; background_position=&#8221;top_left&#8221; background_repeat=&#8221;repeat&#8221; background_size=&#8221;initial&#8221; _builder_version=&#8221;3.0.51&#8243; border_style=&#8221;solid&#8221;]<\/p>\n<h1>MONCONI CALCINABILI AVV. \u00d8 4 mm<\/h1>\n<p>I monconi calcinabili permettono all&#8217; Odontotecnico di creare un <strong>moncone su misura<\/strong> utilizzando la tecnica della <strong>&#8220;Cera Persa&#8221;<\/strong>, infatti possono essere fresati e cerati secondo necessit\u00e0.<\/p>\n<p>I monconi calcinabili sono\u00a0forniti con una vite di accoppiamento.<\/p>\n<p><a href=\"https:\/\/www.tiradix.it\/wp-content\/uploads\/2015\/02\/76017710.jpg\"><img loading=\"lazy\" class=\"alignnone wp-image-4410 size-medium\" src=\"https:\/\/www.tiradix.it\/wp-content\/uploads\/2015\/02\/76017710-173x300.jpg\" alt=\"\" width=\"173\" height=\"300\" srcset=\"https:\/\/www.tiradix.it\/wp-content\/uploads\/2015\/02\/76017710-173x300.jpg 173w, https:\/\/www.tiradix.it\/wp-content\/uploads\/2015\/02\/76017710.jpg 567w\" sizes=\"(max-width: 173px) 100vw, 173px\" \/><\/a><\/p>\n<p>&nbsp;<\/p>\n<table class=\"table table-striped\">\n<thead>\n<tr>\n<td>CODICE<\/td>\n<\/tr>\n<\/thead>\n<tbody>\n<tr>\n<td><span class=\"nero\">17.002.65.0<\/span><\/td>\n<\/tr>\n<\/tbody>\n<\/table>\n<p>[\/et_pb_text][\/et_pb_column][\/et_pb_row][\/et_pb_section][et_pb_section bb_built=&#8221;1&#8243; admin_label=&#8221;section&#8221; fullwidth=&#8221;off&#8221; specialty=&#8221;off&#8221; transparent_background=&#8221;off&#8221; background_color=&#8221;#f7f8f9&#8243; inner_shadow=&#8221;off&#8221; parallax=&#8221;off&#8221; parallax_method=&#8221;off&#8221;][et_pb_row admin_label=&#8221;row&#8221;][et_pb_column type=&#8221;3_4&#8243;][et_pb_image admin_label=&#8221;consegna&#8221; src=&#8221;https:\/\/www.tiradix.it\/wp-content\/uploads\/2015\/02\/consegna_giallo5.png&#8221; show_in_lightbox=&#8221;off&#8221; url_new_window=&#8221;on&#8221; animation=&#8221;left&#8221; sticky=&#8221;on&#8221; url=&#8221;https:\/\/www.tiradix.it\/spedizione\/&#8221; \/][\/et_pb_column][et_pb_column type=&#8221;1_4&#8243;][et_pb_cta admin_label=&#8221;Call To Action&#8221; button_url=&#8221;\/?page_id=278&#8243; button_text=&#8221;ORDINA SUBITO&#8221; use_background_color=&#8221;off&#8221; background_color=&#8221;#004393&#8243; background_layout=&#8221;light&#8221; text_orientation=&#8221;center&#8221; background_position=&#8221;top_left&#8221; background_repeat=&#8221;repeat&#8221; background_size=&#8221;initial&#8221; \/][\/et_pb_column][\/et_pb_row][et_pb_row admin_label=&#8221;row&#8221;][et_pb_column type=&#8221;1_2&#8243;][et_pb_text admin_label=&#8221;Text&#8221; background_layout=&#8221;light&#8221; text_orientation=&#8221;left&#8221; background_position=&#8221;top_left&#8221; background_repeat=&#8221;repeat&#8221; background_size=&#8221;initial&#8221;]<\/p>\n<p><img loading=\"lazy\" class=\"alignleft size-full wp-image-911\" src=\"https:\/\/www.tiradix.it\/wp-content\/uploads\/2015\/03\/ico_tel_grande_scura.png\" alt=\"ico_tel_grande_scura\" width=\"74\" height=\"85\" \/><\/p>\n<h2 class=\"contattaci\">\u00a0CHIAMACI tel. 039.6612705<\/h2>\n<p>[\/et_pb_text][\/et_pb_column][et_pb_column type=&#8221;1_2&#8243;][et_pb_text admin_label=&#8221;Text&#8221; background_layout=&#8221;light&#8221; text_orientation=&#8221;left&#8221; background_position=&#8221;top_left&#8221; background_repeat=&#8221;repeat&#8221; background_size=&#8221;initial&#8221;]<\/p>\n<p><a title=\"Contattaci\" href=\"https:\/\/www.tiradix.it\/contatti\/\"><img loading=\"lazy\" class=\"alignleft size-full wp-image-910\" src=\"https:\/\/www.tiradix.it\/wp-content\/uploads\/2015\/03\/ico_mail_grande_scura.png\" alt=\"ico_mail_grande_scura\" width=\"74\" height=\"84\" \/><\/a><\/p>\n<h2 class=\"contattaci\">\u00a0SCRIVICI su <a title=\"Tiradix\" href=\"mailto:info@tiradix.it\" target=\"_blank\" rel=\"noopener\">info@tiradix.it<\/a><\/h2>\n<p>[\/et_pb_text][\/et_pb_column][\/et_pb_row][\/et_pb_section]<\/p>\n","protected":false},"excerpt":{"rendered":"<p>MONCONI CALCINABILI AVV. \u00d8 4 mm I monconi calcinabili permettono all&#8217; Odontotecnico di creare un moncone su misura utilizzando la tecnica della &#8220;Cera Persa&#8221;, infatti possono essere fresati e cerati secondo necessit\u00e0. I monconi calcinabili sono\u00a0forniti con una vite di accoppiamento. &nbsp; CODICE 17.002.65.0 \u00a0CHIAMACI tel. 039.6612705 \u00a0SCRIVICI su info@tiradix.it<\/p>\n","protected":false},"author":1,"featured_media":0,"parent":0,"menu_order":0,"comment_status":"open","ping_status":"open","template":"","meta":{"_et_pb_use_builder":"on","_et_pb_old_content":"","_et_gb_content_width":""},"_links":{"self":[{"href":"https:\/\/www.tiradix.it\/en\/wp-json\/wp\/v2\/pages\/2723"}],"collection":[{"href":"https:\/\/www.tiradix.it\/en\/wp-json\/wp\/v2\/pages"}],"about":[{"href":"https:\/\/www.tiradix.it\/en\/wp-json\/wp\/v2\/types\/page"}],"author":[{"embeddable":true,"href":"https:\/\/www.tiradix.it\/en\/wp-json\/wp\/v2\/users\/1"}],"replies":[{"embeddable":true,"href":"https:\/\/www.tiradix.it\/en\/wp-json\/wp\/v2\/comments?post=2723"}],"version-history":[{"count":4,"href":"https:\/\/www.tiradix.it\/en\/wp-json\/wp\/v2\/pages\/2723\/revisions"}],"predecessor-version":[{"id":4414,"href":"https:\/\/www.tiradix.it\/en\/wp-json\/wp\/v2\/pages\/2723\/revisions\/4414"}],"wp:attachment":[{"href":"https:\/\/www.tiradix.it\/en\/wp-json\/wp\/v2\/media?parent=2723"}],"curies":[{"name":"wp","href":"https:\/\/api.w.org\/{rel}","templated":true}]}}